{"id":601,"date":"2023-06-30T11:07:53","date_gmt":"2023-06-30T09:07:53","guid":{"rendered":"https:\/\/www.zielfeuer.com\/?page_id=601"},"modified":"2023-06-30T11:07:53","modified_gmt":"2023-06-30T09:07:53","slug":"okr-impressum","status":"publish","type":"page","link":"https:\/\/www.zielfeuer.com\/en\/okr-impressum\/","title":{"rendered":"OKR Impressum"},"content":{"rendered":"<h3 class=\"wp-block-heading\"><strong>IMPRESSUM<\/strong><\/h3>\n\n\n\n<p>Dies ist eine Landing Page von Zielfeuer Consulting GmbH<br>Unternehmensberatung und -beteiligung<\/p>\n\n\n\n<p>FN: 588788s<br>FB-Gericht: Handelsgericht Wien<br>Sitz: 1010 Wien<br>K\u00e4rntnerring 5-7, 7. Stock<br>E-Mail:&nbsp;<a href=\"mailto:kontakt@edelweiss-consulting.at\" target=\"_blank\" rel=\"noreferrer noopener\">office@zielfeuer.com<\/a><\/p>\n\n\n\n<p><br>Aufsichtsbeh\u00f6rde: Magistrat Wien<br>Mitglied bei WKW, Fachgruppe Unternehmensberatung<\/p>\n\n\n\n<p>Verbraucher haben die M\u00f6glichkeit, Beschwerden an die Online-Streitbeilegungsplattform der EU zu richten: <a href=\"http:\/\/ec.europa.eu\/odr.\" target=\"_blank\" rel=\"noreferrer noopener\">http:\/\/ec.europa.eu\/odr.<\/a><br>You can also send any complaints to the e-mail address given above.<\/p>\n\n\n\n<p>Managing Director<br>Mag. (FH) Christian Rois<\/p>\n\n\n\n<p><strong>Auschluss<\/strong><\/p>\n\n\n\n<p>No guarantee is given for the authenticity, accuracy and completeness of the information provided on our website and on the Internet.<\/p>\n\n\n\n<p>Jede Haftung f\u00fcr unmittelbare, mittelbare oder sonstige Sch\u00e4den, unabh\u00e4ngig von deren Ursachen, die aus der Benutzung oder Nichtverf\u00fcgbarkeit der Daten und Informationen von dieser Homepage oder Links von dieser Homepage enstehen sind ausgeschlossen.<\/p>\n\n\n\n<p>Der Inhalt dieser Homepage ist urheberrechtlich gesch\u00fctzt. Die Informationen sind nur f\u00fcr die pers\u00f6nliche Verwendung bestimmt. Jede Nutzung die dar\u00fcber Hinaus geht, insbesondere die Speicherung in Datenbanken, Vervielf\u00e4ltigung und jede Form von gewerblicher Nutzung sowie eine Weitergabe an Dritte, wenn auch nur in Teilen oder in \u00fcberarbeiteter Form, ist ohne Zustimmung durchZielfeuer Consulting GmbH ist untersagt.<\/p>\n\n\n\n<h3 class=\"wp-block-heading\"><strong>DATENSCHUTZERKL\u00c4RUNG<\/strong><\/h3>\n\n\n\n<p>F\u00fcr Informationen welche Daten zu welchem Zweck von uns gespeichert werden, finden Sie hier die Informationen im Detail:&nbsp;<a href=\"https:\/\/www.edelweiss-consulting.at\/datenschutzerklaerung\/\" target=\"_blank\" rel=\"noreferrer noopener\">https:\/\/www.edelweiss-consulting.at\/datenschutzerklaerung\/ <\/a>&nbsp;<\/p>","protected":false},"excerpt":{"rendered":"<p>IMPRESSUM Dies ist eine Landing Page von Zielfeuer Consulting GmbHUnternehmensberatung und -beteiligung FN: 588788sFB-Gericht: Handelsgericht WienSitz: 1010 WienK\u00e4rntnerring 5-7, 7. StockE-Mail:&nbsp;office@zielfeuer.com Aufsichtsbeh\u00f6rde: Magistrat WienMitglied bei WKW, Fachgruppe Unternehmensberatung Verbraucher haben die M\u00f6glichkeit, Beschwerden an die Online-Streitbeilegungsplattform der EU zu richten: http:\/\/ec.europa.eu\/odr.Sie k\u00f6nnen allf\u00e4llige Beschwerde auch an die oben angegebene E-Mail-Adresse richten. Gesch\u00e4ftsf\u00fchrerMag. (FH) Christian Rois [&hellip;]<\/p>","protected":false},"author":1,"featured_media":0,"parent":0,"menu_order":0,"comment_status":"closed","ping_status":"closed","template":"","meta":{"footnotes":""},"class_list":["post-601","page","type-page","status-publish","hentry"],"_links":{"self":[{"href":"https:\/\/www.zielfeuer.com\/en\/wp-json\/wp\/v2\/pages\/601"}],"collection":[{"href":"https:\/\/www.zielfeuer.com\/en\/wp-json\/wp\/v2\/pages"}],"about":[{"href":"https:\/\/www.zielfeuer.com\/en\/wp-json\/wp\/v2\/types\/page"}],"author":[{"embeddable":true,"href":"https:\/\/www.zielfeuer.com\/en\/wp-json\/wp\/v2\/users\/1"}],"replies":[{"embeddable":true,"href":"https:\/\/www.zielfeuer.com\/en\/wp-json\/wp\/v2\/comments?post=601"}],"version-history":[{"count":1,"href":"https:\/\/www.zielfeuer.com\/en\/wp-json\/wp\/v2\/pages\/601\/revisions"}],"predecessor-version":[{"id":602,"href":"https:\/\/www.zielfeuer.com\/en\/wp-json\/wp\/v2\/pages\/601\/revisions\/602"}],"wp:attachment":[{"href":"https:\/\/www.zielfeuer.com\/en\/wp-json\/wp\/v2\/media?parent=601"}],"curies":[{"name":"wp","href":"https:\/\/api.w.org\/{rel}","templated":true}]}}