{"id":257,"date":"2023-07-12T13:31:25","date_gmt":"2023-07-12T11:31:25","guid":{"rendered":"https:\/\/www.zielfeuer.com\/?page_id=257"},"modified":"2023-09-04T15:44:28","modified_gmt":"2023-09-04T13:44:28","slug":"okr-kontakt","status":"publish","type":"page","link":"https:\/\/www.zielfeuer.com\/en\/okr-kontakt\/","title":{"rendered":"OKR Kontakt"},"content":{"rendered":"<div data-elementor-type=\"wp-page\" data-elementor-id=\"257\" class=\"elementor elementor-257\" data-elementor-settings=\"{&quot;scroll_snap&quot;:&quot;yes&quot;}\" data-elementor-post-type=\"page\">\n\t\t\t\t\t\t<section class=\"elementor-section elementor-top-section elementor-element elementor-element-2c48f5d4 elementor-section-content-middle elementor-section-full_width elementor-section-height-default elementor-section-height-default\" data-id=\"2c48f5d4\" data-element_type=\"section\">\n\t\t\t\t\t\t<div class=\"elementor-container elementor-column-gap-no\">\n\t\t\t\t\t<div class=\"elementor-column elementor-col-50 elementor-top-column elementor-element elementor-element-34f9c86b\" data-id=\"34f9c86b\" data-element_type=\"column\">\n\t\t\t<div class=\"elementor-widget-wrap elementor-element-populated\">\n\t\t\t\t\t\t<div class=\"elementor-element elementor-element-7ca7a1ce elementor-widget elementor-widget-heading\" data-id=\"7ca7a1ce\" data-element_type=\"widget\" data-widget_type=\"heading.default\">\n\t\t\t\t<div class=\"elementor-widget-container\">\n\t\t\t<h1 class=\"elementor-heading-title elementor-size-default\"><b>\u00dcber uns<\/b><\/h1>\t\t<\/div>\n\t\t\t\t<\/div>\n\t\t\t\t<div class=\"elementor-element elementor-element-694de497 elementor-widget__width-initial elementor-widget elementor-widget-text-editor\" data-id=\"694de497\" data-element_type=\"widget\" data-widget_type=\"text-editor.default\">\n\t\t\t\t<div class=\"elementor-widget-container\">\n\t\t\t\t\t\t\t<p>Wir sind eine dynamische Managementberatung, die es sich zur Mission gemacht hat, dich und dein Unternehmen durch effektive OKRs (Objectives and Key Results) auf dem Weg zum Erfolg zu begleiten.<\/p><p>\u00a0<\/p>\t\t\t\t\t\t<\/div>\n\t\t\t\t<\/div>\n\t\t\t\t\t<\/div>\n\t\t<\/div>\n\t\t\t\t<div class=\"elementor-column elementor-col-50 elementor-top-column elementor-element elementor-element-668d5622\" data-id=\"668d5622\" data-element_type=\"column\">\n\t\t\t<div class=\"elementor-widget-wrap elementor-element-populated\">\n\t\t\t\t\t\t<div class=\"elementor-element elementor-element-cdedb53 elementor-widget elementor-widget-image\" data-id=\"cdedb53\" data-element_type=\"widget\" data-widget_type=\"image.default\">\n\t\t\t\t<div class=\"elementor-widget-container\">\n\t\t\t\t\t\t\t\t\t\t\t\t\t<img fetchpriority=\"high\" decoding=\"async\" width=\"800\" height=\"800\" src=\"https:\/\/www.zielfeuer.com\/wp-content\/uploads\/2023\/07\/Fuchs1-1024x1024.png\" class=\"attachment-large size-large wp-image-989\" alt=\"\" srcset=\"https:\/\/www.zielfeuer.com\/wp-content\/uploads\/2023\/07\/Fuchs1-1024x1024.png 1024w, https:\/\/www.zielfeuer.com\/wp-content\/uploads\/2023\/07\/Fuchs1-300x300.png 300w, https:\/\/www.zielfeuer.com\/wp-content\/uploads\/2023\/07\/Fuchs1-150x150.png 150w, https:\/\/www.zielfeuer.com\/wp-content\/uploads\/2023\/07\/Fuchs1-768x768.png 768w, https:\/\/www.zielfeuer.com\/wp-content\/uploads\/2023\/07\/Fuchs1.png 1200w\" sizes=\"(max-width: 800px) 100vw, 800px\" \/>\t\t\t\t\t\t\t\t\t\t\t\t\t<\/div>\n\t\t\t\t<\/div>\n\t\t\t\t\t<\/div>\n\t\t<\/div>\n\t\t\t\t\t<\/div>\n\t\t<\/section>\n\t\t\t\t<section class=\"elementor-section elementor-top-section elementor-element elementor-element-44ca8108 elementor-section-full_width elementor-section-content-middle elementor-section-height-default elementor-section-height-default\" data-id=\"44ca8108\" data-element_type=\"section\">\n\t\t\t\t\t\t<div class=\"elementor-container elementor-column-gap-no\">\n\t\t\t\t\t<div class=\"elementor-column elementor-col-100 elementor-top-column elementor-element elementor-element-2291f615\" data-id=\"2291f615\" data-element_type=\"column\">\n\t\t\t<div class=\"elementor-widget-wrap elementor-element-populated\">\n\t\t\t\t\t\t<div class=\"elementor-element elementor-element-72d44a84 elementor-widget elementor-widget-heading\" data-id=\"72d44a84\" data-element_type=\"widget\" data-widget_type=\"heading.default\">\n\t\t\t\t<div class=\"elementor-widget-container\">\n\t\t\t<h2 class=\"elementor-heading-title elementor-size-default\"><b>Wieso Zielfeuer w\u00e4hlen?<\/b><\/h2>\t\t<\/div>\n\t\t\t\t<\/div>\n\t\t\t\t<section class=\"elementor-section elementor-inner-section elementor-element elementor-element-78df16f elementor-section-full_width elementor-section-height-default elementor-section-height-default\" data-id=\"78df16f\" data-element_type=\"section\">\n\t\t\t\t\t\t<div class=\"elementor-container elementor-column-gap-custom\">\n\t\t\t\t\t<div class=\"elementor-column elementor-col-25 elementor-inner-column elementor-element elementor-element-63116e37\" data-id=\"63116e37\" data-element_type=\"column\">\n\t\t\t<div class=\"elementor-widget-wrap elementor-element-populated\">\n\t\t\t\t\t\t<div class=\"elementor-element elementor-element-9e00e95 elementor-widget elementor-widget-text-editor\" data-id=\"9e00e95\" data-element_type=\"widget\" data-widget_type=\"text-editor.default\">\n\t\t\t\t<div class=\"elementor-widget-container\">\n\t\t\t\t\t\t\t<p>Wir k\u00f6nnen auf eine<strong> langj\u00e4hrige Erfahrung<\/strong> im Bereich OKR zur\u00fcckblicken.\u00a0<\/p>\t\t\t\t\t\t<\/div>\n\t\t\t\t<\/div>\n\t\t\t\t\t<\/div>\n\t\t<\/div>\n\t\t\t\t<div class=\"elementor-column elementor-col-25 elementor-inner-column elementor-element elementor-element-5a76143b\" data-id=\"5a76143b\" data-element_type=\"column\">\n\t\t\t<div class=\"elementor-widget-wrap elementor-element-populated\">\n\t\t\t\t\t\t<div class=\"elementor-element elementor-element-fe78903 elementor-widget elementor-widget-text-editor\" data-id=\"fe78903\" data-element_type=\"widget\" data-widget_type=\"text-editor.default\">\n\t\t\t\t<div class=\"elementor-widget-container\">\n\t\t\t\t\t\t\t<p>Wir sind<strong> gut vernetzt in der internationalen OKR Szene<\/strong> und k\u00f6nnen dadurch auf etliche professionelle Ressourcen zugreifen.\u00a0<\/p>\t\t\t\t\t\t<\/div>\n\t\t\t\t<\/div>\n\t\t\t\t\t<\/div>\n\t\t<\/div>\n\t\t\t\t<div class=\"elementor-column elementor-col-25 elementor-inner-column elementor-element elementor-element-6573ed62\" data-id=\"6573ed62\" data-element_type=\"column\">\n\t\t\t<div class=\"elementor-widget-wrap elementor-element-populated\">\n\t\t\t\t\t\t<div class=\"elementor-element elementor-element-e37f2ab elementor-widget elementor-widget-text-editor\" data-id=\"e37f2ab\" data-element_type=\"widget\" data-widget_type=\"text-editor.default\">\n\t\t\t\t<div class=\"elementor-widget-container\">\n\t\t\t\t\t\t\t<p>Mit unserem <strong>engagierten &amp; diversen Team<\/strong> sind f\u00fcr jede Herausforderung in deinem Unternehmen gewappnet.\u00a0<\/p>\t\t\t\t\t\t<\/div>\n\t\t\t\t<\/div>\n\t\t\t\t\t<\/div>\n\t\t<\/div>\n\t\t\t\t<div class=\"elementor-column elementor-col-25 elementor-inner-column elementor-element elementor-element-222b4a96\" data-id=\"222b4a96\" data-element_type=\"column\">\n\t\t\t<div class=\"elementor-widget-wrap elementor-element-populated\">\n\t\t\t\t\t\t<div class=\"elementor-element elementor-element-8e55d86 elementor-widget elementor-widget-text-editor\" data-id=\"8e55d86\" data-element_type=\"widget\" data-widget_type=\"text-editor.default\">\n\t\t\t\t<div class=\"elementor-widget-container\">\n\t\t\t\t\t\t\t<p>Wir nehmen uns Zeit f\u00fcr dich und deine Anliegen. Dadurch garantieren wir eine <strong>individuelle und pers\u00f6nliche Beratung.\u00a0<\/strong><\/p>\t\t\t\t\t\t<\/div>\n\t\t\t\t<\/div>\n\t\t\t\t\t<\/div>\n\t\t<\/div>\n\t\t\t\t\t<\/div>\n\t\t<\/section>\n\t\t\t\t\t<\/div>\n\t\t<\/div>\n\t\t\t\t\t<\/div>\n\t\t<\/section>\n\t\t\t\t<section class=\"elementor-section elementor-top-section elementor-element elementor-element-1545559d elementor-section-full_width elementor-section-height-default elementor-section-height-default\" data-id=\"1545559d\" data-element_type=\"section\">\n\t\t\t\t\t\t<div class=\"elementor-container elementor-column-gap-no\">\n\t\t\t\t\t<div class=\"elementor-column elementor-col-50 elementor-top-column elementor-element elementor-element-2872c167\" data-id=\"2872c167\" data-element_type=\"column\">\n\t\t\t<div class=\"elementor-widget-wrap elementor-element-populated\">\n\t\t\t\t\t\t<div class=\"elementor-element elementor-element-7ce5b18b elementor-widget elementor-widget-heading\" data-id=\"7ce5b18b\" data-element_type=\"widget\" data-widget_type=\"heading.default\">\n\t\t\t\t<div class=\"elementor-widget-container\">\n\t\t\t<h2 class=\"elementor-heading-title elementor-size-default\">Unsere Geschichte<\/h2>\t\t<\/div>\n\t\t\t\t<\/div>\n\t\t\t\t<div class=\"elementor-element elementor-element-2edadb40 elementor-widget elementor-widget-heading\" data-id=\"2edadb40\" data-element_type=\"widget\" data-widget_type=\"heading.default\">\n\t\t\t\t<div class=\"elementor-widget-container\">\n\t\t\t<p class=\"elementor-heading-title elementor-size-default\">\"Ein erfolgreiches Unternehmen muss zwei Dinge erreichen:\n\nEs muss wissen, wo es sich in 5-10 Jahren positionieren m\u00f6chte.\nEs muss klar definieren, welche konkreten Schritte in den n\u00e4chsten drei Monaten unternommen werden sollen.\"<br>\nDiese Worte markierten den Beginn der Einf\u00fchrung der OKR-Methode im Jahr 2016 und leiteten eine spannende Reise als Business Coach ein. Seitdem wurde diese Zielsetzungsmethode nicht nur selbst erfolgreich implementiert, sondern auch erfolgreich bei verschiedenen Kunden angewendet.\n\nMit gro\u00dfer Leidenschaft f\u00fcr das Thema folgte im Jahr 2021 schlie\u00dflich der Schritt, ein neues Unternehmen zu gr\u00fcnden, das sich unter anderem auf den Ausbau der Marke \"OKRs.wien\" konzentriert. Mit einem motivierten Team und als offizieller Global Partner von okrs.com \/ Ben Lamorte stehen wir nun bereit, schnell wachsende Unternehmen bestm\u00f6glich auf ihrer Reise zu unterst\u00fctzen.<\/p>\t\t<\/div>\n\t\t\t\t<\/div>\n\t\t\t\t\t<\/div>\n\t\t<\/div>\n\t\t\t\t<div class=\"elementor-column elementor-col-50 elementor-top-column elementor-element elementor-element-75456208\" data-id=\"75456208\" data-element_type=\"column\">\n\t\t\t<div class=\"elementor-widget-wrap elementor-element-populated\">\n\t\t\t\t\t\t<section class=\"elementor-section elementor-inner-section elementor-element elementor-element-61ed7793 elementor-section-full_width elementor-section-height-default elementor-section-height-default\" data-id=\"61ed7793\" data-element_type=\"section\">\n\t\t\t\t\t\t<div class=\"elementor-container elementor-column-gap-no\">\n\t\t\t\t\t<div class=\"elementor-column elementor-col-50 elementor-inner-column elementor-element elementor-element-55473f1c\" data-id=\"55473f1c\" data-element_type=\"column\">\n\t\t\t<div class=\"elementor-widget-wrap elementor-element-populated\">\n\t\t\t\t\t\t<div class=\"elementor-element elementor-element-756eef19 elementor-position-top elementor-widget elementor-widget-image-box\" data-id=\"756eef19\" data-element_type=\"widget\" data-widget_type=\"image-box.default\">\n\t\t\t\t<div class=\"elementor-widget-container\">\n\t\t\t<div class=\"elementor-image-box-wrapper\"><figure class=\"elementor-image-box-img\"><a href=\"#\" tabindex=\"-1\"><img decoding=\"async\" width=\"1536\" height=\"1588\" src=\"https:\/\/www.zielfeuer.com\/wp-content\/uploads\/2023\/07\/IMG_8783-1.jpeg\" class=\"elementor-animation-grow attachment-full size-full wp-image-1003\" alt=\"\" srcset=\"https:\/\/www.zielfeuer.com\/wp-content\/uploads\/2023\/07\/IMG_8783-1.jpeg 1536w, https:\/\/www.zielfeuer.com\/wp-content\/uploads\/2023\/07\/IMG_8783-1-290x300.jpeg 290w, https:\/\/www.zielfeuer.com\/wp-content\/uploads\/2023\/07\/IMG_8783-1-990x1024.jpeg 990w, https:\/\/www.zielfeuer.com\/wp-content\/uploads\/2023\/07\/IMG_8783-1-768x794.jpeg 768w, https:\/\/www.zielfeuer.com\/wp-content\/uploads\/2023\/07\/IMG_8783-1-1486x1536.jpeg 1486w\" sizes=\"(max-width: 1536px) 100vw, 1536px\" \/><\/a><\/figure><div class=\"elementor-image-box-content\"><h4 class=\"elementor-image-box-title\"><a href=\"#\">alles begann 2016<\/a><\/h4><p class=\"elementor-image-box-description\">Der erste Kontakt mit Objectives &amp; Key Results (OKR) war 2016, nachdem ein Kunde uns begeistert darauf aufmerksam machte. Seitdem selbst im Unternehmen implementiert und \u00fcber die Jahre perfektioniert. <\/p><\/div><\/div>\t\t<\/div>\n\t\t\t\t<\/div>\n\t\t\t\t\t<\/div>\n\t\t<\/div>\n\t\t\t\t<div class=\"elementor-column elementor-col-50 elementor-inner-column elementor-element elementor-element-2ad7052d\" data-id=\"2ad7052d\" data-element_type=\"column\">\n\t\t\t<div class=\"elementor-widget-wrap elementor-element-populated\">\n\t\t\t\t\t\t<div class=\"elementor-element elementor-element-17987d4e elementor-position-top elementor-widget elementor-widget-image-box\" data-id=\"17987d4e\" data-element_type=\"widget\" data-widget_type=\"image-box.default\">\n\t\t\t\t<div class=\"elementor-widget-container\">\n\t\t\t<div class=\"elementor-image-box-wrapper\"><figure class=\"elementor-image-box-img\"><a href=\"#\" tabindex=\"-1\"><img decoding=\"async\" width=\"683\" height=\"600\" src=\"https:\/\/www.zielfeuer.com\/wp-content\/uploads\/2023\/07\/Image_Placeholder-about.jpeg\" class=\"elementor-animation-grow attachment-full size-full wp-image-809\" alt=\"\" srcset=\"https:\/\/www.zielfeuer.com\/wp-content\/uploads\/2023\/07\/Image_Placeholder-about.jpeg 683w, https:\/\/www.zielfeuer.com\/wp-content\/uploads\/2023\/07\/Image_Placeholder-about-300x264.jpeg 300w\" sizes=\"(max-width: 683px) 100vw, 683px\" \/><\/a><\/figure><div class=\"elementor-image-box-content\"><h4 class=\"elementor-image-box-title\"><a href=\"#\">Fortbildung zum OKR-Coach<\/a><\/h4><p class=\"elementor-image-box-description\">A short description of the service and how the visitor will benefit from it.<\/p><\/div><\/div>\t\t<\/div>\n\t\t\t\t<\/div>\n\t\t\t\t\t<\/div>\n\t\t<\/div>\n\t\t\t\t\t<\/div>\n\t\t<\/section>\n\t\t\t\t<section class=\"elementor-section elementor-inner-section elementor-element elementor-element-6ffc55da elementor-section-full_width elementor-section-height-default elementor-section-height-default\" data-id=\"6ffc55da\" data-element_type=\"section\">\n\t\t\t\t\t\t<div class=\"elementor-container elementor-column-gap-no\">\n\t\t\t\t\t<div class=\"elementor-column elementor-col-50 elementor-inner-column elementor-element elementor-element-20c15f98\" data-id=\"20c15f98\" data-element_type=\"column\">\n\t\t\t<div class=\"elementor-widget-wrap elementor-element-populated\">\n\t\t\t\t\t\t<div class=\"elementor-element elementor-element-7d8f0db6 elementor-position-top elementor-widget elementor-widget-image-box\" data-id=\"7d8f0db6\" data-element_type=\"widget\" data-widget_type=\"image-box.default\">\n\t\t\t\t<div class=\"elementor-widget-container\">\n\t\t\t<div class=\"elementor-image-box-wrapper\"><figure class=\"elementor-image-box-img\"><a href=\"#\" tabindex=\"-1\"><img decoding=\"async\" width=\"683\" height=\"600\" src=\"https:\/\/www.zielfeuer.com\/wp-content\/uploads\/2023\/07\/Image_Placeholder-about.jpeg\" class=\"elementor-animation-grow attachment-full size-full wp-image-809\" alt=\"\" srcset=\"https:\/\/www.zielfeuer.com\/wp-content\/uploads\/2023\/07\/Image_Placeholder-about.jpeg 683w, https:\/\/www.zielfeuer.com\/wp-content\/uploads\/2023\/07\/Image_Placeholder-about-300x264.jpeg 300w\" sizes=\"(max-width: 683px) 100vw, 683px\" \/><\/a><\/figure><div class=\"elementor-image-box-content\"><h4 class=\"elementor-image-box-title\"><a href=\"#\">Stetig wachsend<\/a><\/h4><p class=\"elementor-image-box-description\">A short description of the service and how the visitor will benefit from it.<\/p><\/div><\/div>\t\t<\/div>\n\t\t\t\t<\/div>\n\t\t\t\t\t<\/div>\n\t\t<\/div>\n\t\t\t\t<div class=\"elementor-column elementor-col-50 elementor-inner-column elementor-element elementor-element-100573a\" data-id=\"100573a\" data-element_type=\"column\">\n\t\t\t<div class=\"elementor-widget-wrap elementor-element-populated\">\n\t\t\t\t\t\t<div class=\"elementor-element elementor-element-46dc8b76 elementor-position-top elementor-widget elementor-widget-image-box\" data-id=\"46dc8b76\" data-element_type=\"widget\" data-widget_type=\"image-box.default\">\n\t\t\t\t<div class=\"elementor-widget-container\">\n\t\t\t<div class=\"elementor-image-box-wrapper\"><figure class=\"elementor-image-box-img\"><a href=\"#\" tabindex=\"-1\"><img decoding=\"async\" width=\"683\" height=\"600\" src=\"https:\/\/www.zielfeuer.com\/wp-content\/uploads\/2023\/07\/Image_Placeholder-about.jpeg\" class=\"elementor-animation-grow attachment-full size-full wp-image-809\" alt=\"\" srcset=\"https:\/\/www.zielfeuer.com\/wp-content\/uploads\/2023\/07\/Image_Placeholder-about.jpeg 683w, https:\/\/www.zielfeuer.com\/wp-content\/uploads\/2023\/07\/Image_Placeholder-about-300x264.jpeg 300w\" sizes=\"(max-width: 683px) 100vw, 683px\" \/><\/a><\/figure><div class=\"elementor-image-box-content\"><h4 class=\"elementor-image-box-title\"><a href=\"#\">Global Partner von Ben Lamorte<\/a><\/h4><p class=\"elementor-image-box-description\">A short description of the service and how the visitor will benefit from it.<\/p><\/div><\/div>\t\t<\/div>\n\t\t\t\t<\/div>\n\t\t\t\t\t<\/div>\n\t\t<\/div>\n\t\t\t\t\t<\/div>\n\t\t<\/section>\n\t\t\t\t\t<\/div>\n\t\t<\/div>\n\t\t\t\t\t<\/div>\n\t\t<\/section>\n\t\t\t\t<section class=\"elementor-section elementor-top-section elementor-element elementor-element-3a5f835b elementor-section-content-middle elementor-section-height-min-height elementor-section-boxed elementor-section-height-default elementor-section-items-middle\" data-id=\"3a5f835b\" data-element_type=\"section\" data-settings=\"{&quot;background_background&quot;:&quot;classic&quot;}\">\n\t\t\t\t\t\t<div class=\"elementor-container elementor-column-gap-no\">\n\t\t\t\t\t<div class=\"elementor-column elementor-col-100 elementor-top-column elementor-element elementor-element-730d9db1\" data-id=\"730d9db1\" data-element_type=\"column\">\n\t\t\t<div class=\"elementor-widget-wrap elementor-element-populated\">\n\t\t\t\t\t\t<div class=\"elementor-element elementor-element-5664ead3 elementor-widget elementor-widget-heading\" data-id=\"5664ead3\" data-element_type=\"widget\" data-widget_type=\"heading.default\">\n\t\t\t\t<div class=\"elementor-widget-container\">\n\t\t\t<h2 class=\"elementor-heading-title elementor-size-default\">Lust auf ein Kennenlernen?<\/h2>\t\t<\/div>\n\t\t\t\t<\/div>\n\t\t\t\t<div class=\"elementor-element elementor-element-b37bdc6 elementor-widget elementor-widget-html\" data-id=\"b37bdc6\" data-element_type=\"widget\" data-widget_type=\"html.default\">\n\t\t\t\t<div class=\"elementor-widget-container\">\n\t\t\t\r\n\r\n\r\n    <title>Anfrage Zielfeuer.com<\/title>\r\n\r\n\r\n    <p style=\"color: white\">\r\n        Dann melde dich unter <a href=\"mailto:office@zielfeuer.com?subject=Anfrage okrs.wien\" style=\"background-color: black;padding: 2px 4px;border-radius: 4px;text-decoration: none;color: white\">office@zielfeuer.com<\/a> oder vereinbare direkt einen 15-min\u00fctigen Kennenlern-Call mit einem unserer Coaches.\r\n    <\/p>\r\n\r\n\r\n\t\t<\/div>\n\t\t\t\t<\/div>\n\t\t\t\t\t<\/div>\n\t\t<\/div>\n\t\t\t\t\t<\/div>\n\t\t<\/section>\n\t\t\t\t<\/div>","protected":false},"excerpt":{"rendered":"<p>\/*! elementor &#8211; v3.15.0 &#8211; 20-08-2023 *\/ .elementor-heading-title{padding:0;margin:0;line-height:1}.elementor-widget-heading .elementor-heading-title[class*=elementor-size-]&gt;a{color:inherit;font-size:inherit;line-height:inherit}.elementor-widget-heading .elementor-heading-title.elementor-size-small{font-size:15px}.elementor-widget-heading .elementor-heading-title.elementor-size-medium{font-size:19px}.elementor-widget-heading .elementor-heading-title.elementor-size-large{font-size:29px}.elementor-widget-heading .elementor-heading-title.elementor-size-xl{font-size:39px}.elementor-widget-heading .elementor-heading-title.elementor-size-xxl{font-size:59px} \u00dcber uns Wir sind eine dynamische Managementberatung, die es sich zur Mission gemacht hat, dich und dein Unternehmen durch effektive OKRs (Objectives and Key Results) auf dem Weg zum Erfolg zu begleiten. \u00a0 \/*! elementor &#8211; v3.15.0 &#8211; 20-08-2023 *\/ .elementor-widget-image{text-align:center}.elementor-widget-image [&hellip;]<\/p>","protected":false},"author":1,"featured_media":0,"parent":0,"menu_order":0,"comment_status":"closed","ping_status":"closed","template":"","meta":{"footnotes":""},"class_list":["post-257","page","type-page","status-publish","hentry"],"_links":{"self":[{"href":"https:\/\/www.zielfeuer.com\/en\/wp-json\/wp\/v2\/pages\/257"}],"collection":[{"href":"https:\/\/www.zielfeuer.com\/en\/wp-json\/wp\/v2\/pages"}],"about":[{"href":"https:\/\/www.zielfeuer.com\/en\/wp-json\/wp\/v2\/types\/page"}],"author":[{"embeddable":true,"href":"https:\/\/www.zielfeuer.com\/en\/wp-json\/wp\/v2\/users\/1"}],"replies":[{"embeddable":true,"href":"https:\/\/www.zielfeuer.com\/en\/wp-json\/wp\/v2\/comments?post=257"}],"version-history":[{"count":70,"href":"https:\/\/www.zielfeuer.com\/en\/wp-json\/wp\/v2\/pages\/257\/revisions"}],"predecessor-version":[{"id":1081,"href":"https:\/\/www.zielfeuer.com\/en\/wp-json\/wp\/v2\/pages\/257\/revisions\/1081"}],"wp:attachment":[{"href":"https:\/\/www.zielfeuer.com\/en\/wp-json\/wp\/v2\/media?parent=257"}],"curies":[{"name":"wp","href":"https:\/\/api.w.org\/{rel}","templated":true}]}}