{"id":218,"date":"2023-05-29T10:46:54","date_gmt":"2023-05-29T08:46:54","guid":{"rendered":"https:\/\/www.zielfeuer.com\/?page_id=218"},"modified":"2023-07-20T15:26:12","modified_gmt":"2023-07-20T13:26:12","slug":"impressum","status":"publish","type":"page","link":"https:\/\/www.zielfeuer.com\/en\/impressum\/","title":{"rendered":"Imprint"},"content":{"rendered":"<div data-elementor-type=\"wp-page\" data-elementor-id=\"218\" class=\"elementor elementor-218\" data-elementor-post-type=\"page\">\n\t\t\t\t\t\t<section class=\"elementor-section elementor-top-section elementor-element elementor-element-4e6281a elementor-section-boxed elementor-section-height-default elementor-section-height-default\" data-id=\"4e6281a\" data-element_type=\"section\">\n\t\t\t\t\t\t<div class=\"elementor-container elementor-column-gap-default\">\n\t\t\t\t\t<div class=\"elementor-column elementor-col-100 elementor-top-column elementor-element elementor-element-39bfc0e\" data-id=\"39bfc0e\" data-element_type=\"column\">\n\t\t\t<div class=\"elementor-widget-wrap elementor-element-populated\">\n\t\t\t\t\t\t<div class=\"elementor-element elementor-element-54197b0 elementor-widget elementor-widget-text-editor\" data-id=\"54197b0\" data-element_type=\"widget\" data-widget_type=\"text-editor.default\">\n\t\t\t\t<div class=\"elementor-widget-container\">\n\t\t\t\t\t\t\t<h1>Imprint<\/h1><header class=\"x-header-landmark\"><div class=\"x-container max width\"><div class=\"x-landmark-breadcrumbs-wrap\"><div class=\"x-landmark\"><h1 class=\"h-landmark entry-title\">Imprint<\/h1><\/div><\/div><\/div><\/header><div class=\"x-container max width offset\"><div class=\"x-main full\" role=\"main\"><article id=\"post-1289\" class=\"post-1289 page type-page status-publish hentry no-post-thumbnail\"><div class=\"entry-wrap\"><div class=\"entry-content content\"><p>ZIELFEUER CONSULTING GmbH<br \/>Management consultancy\u00a0<\/p><p><strong>UID-Nr: <\/strong>ATU78523439<br \/><strong>FB-Gericht:\u00a0<\/strong>Handelsgericht Wien<br \/><strong>Sitz:\u00a0<\/strong>1010 Wien<br \/>K\u00e4rntner Ring 5-7, 7. Stock<br \/><strong>Tel.:\u00a0<\/strong><br \/><strong>E-Mail: <\/strong>office@zielfeuer.com<br \/><strong>Aufsichtsbeh\u00f6rde:\u00a0<\/strong>Magistrat Wien<\/p><p>Consumers have the opportunity to submit complaints to the EU's online dispute resolution platform: http:\/\/ec.europa.eu\/odr.<br \/>You can also send any complaints to the e-mail address given above.<\/p><p><strong>Managing Director<\/strong><br \/>Mag. Christian Rois<\/p><\/div><h2>Exclusion<\/h2><div class=\"entry-content content\"><header class=\"x-header-landmark\"><div class=\"x-container max width\"><div class=\"x-landmark-breadcrumbs-wrap\"><div class=\"x-landmark\"><p>No guarantee is given for the authenticity, accuracy and completeness of the information provided on our website and on the Internet.<\/p><p>Any liability for direct, indirect or other damages, regardless of their cause, arising from the use or non-availability of data and information from this homepage or links from this homepage is excluded.<\/p><p>The content of this homepage is protected by copyright. The information is intended for personal use only. Any use beyond this, in particular storage in databases, duplication and any form of commercial use as well as disclosure to third parties, even if only in part or in revised form, is prohibited without the consent of ZIELFEUER Consulting GmbH.<span style=\"font-family: Corbel, sans-serif;font-size: 11pt;color: var( --e-global-color-text );font-weight: var( --e-global-typography-text-font-weight )\">ATU78523439<\/span><\/p><\/div><\/div><\/div><\/header><div class=\"x-container max width offset\"><div class=\"x-main full\" role=\"main\"><article id=\"post-1289\" class=\"post-1289 page type-page status-publish hentry no-post-thumbnail\"><div class=\"entry-wrap\"><div class=\"entry-content content\">\u00a0<\/div><\/div><\/article><\/div><\/div><\/div><\/div><\/article><\/div><\/div>\t\t\t\t\t\t<\/div>\n\t\t\t\t<\/div>\n\t\t\t\t\t<\/div>\n\t\t<\/div>\n\t\t\t\t\t<\/div>\n\t\t<\/section>\n\t\t\t\t<\/div>","protected":false},"excerpt":{"rendered":"<p>Impressum Impressum ZIELFEUER CONSULTING GmbHUnternehmensberatung\u00a0 UID-Nr: ATU78523439FB-Gericht:\u00a0Handelsgericht WienSitz:\u00a01010 WienK\u00e4rntner Ring 5-7, 7. StockTel.:\u00a0E-Mail: office@zielfeuer.comAufsichtsbeh\u00f6rde:\u00a0Magistrat Wien Verbraucher und Verbraucherinnen haben die M\u00f6glichkeit, Beschwerden an die Online-Streitbeilegungsplattform der EU zu richten: http:\/\/ec.europa.eu\/odr.Sie k\u00f6nnen allf\u00e4llige Beschwerde auch an die oben angegebene E-Mail-Adresse richten. Gesch\u00e4ftsf\u00fchrerMag. Christian Rois Ausschluss Es wird keine Gew\u00e4hr f\u00fcr die Authentizit\u00e4t, Richtigkeit und Vollst\u00e4ndigkeit der [&hellip;]<\/p>","protected":false},"author":1,"featured_media":0,"parent":0,"menu_order":0,"comment_status":"closed","ping_status":"closed","template":"","meta":{"footnotes":""},"class_list":["post-218","page","type-page","status-publish","hentry"],"_links":{"self":[{"href":"https:\/\/www.zielfeuer.com\/en\/wp-json\/wp\/v2\/pages\/218"}],"collection":[{"href":"https:\/\/www.zielfeuer.com\/en\/wp-json\/wp\/v2\/pages"}],"about":[{"href":"https:\/\/www.zielfeuer.com\/en\/wp-json\/wp\/v2\/types\/page"}],"author":[{"embeddable":true,"href":"https:\/\/www.zielfeuer.com\/en\/wp-json\/wp\/v2\/users\/1"}],"replies":[{"embeddable":true,"href":"https:\/\/www.zielfeuer.com\/en\/wp-json\/wp\/v2\/comments?post=218"}],"version-history":[{"count":13,"href":"https:\/\/www.zielfeuer.com\/en\/wp-json\/wp\/v2\/pages\/218\/revisions"}],"predecessor-version":[{"id":985,"href":"https:\/\/www.zielfeuer.com\/en\/wp-json\/wp\/v2\/pages\/218\/revisions\/985"}],"wp:attachment":[{"href":"https:\/\/www.zielfeuer.com\/en\/wp-json\/wp\/v2\/media?parent=218"}],"curies":[{"name":"wp","href":"https:\/\/api.w.org\/{rel}","templated":true}]}}